{"id":2243,"date":"2026-01-29T17:51:00","date_gmt":"2026-01-29T16:51:00","guid":{"rendered":"https:\/\/cudenka-ukini.pl\/?post_type=product&#038;p=2243"},"modified":"2026-01-29T17:51:00","modified_gmt":"2026-01-29T16:51:00","slug":"czapka-maluch-model-2","status":"publish","type":"product","link":"https:\/\/cudenka-ukini.pl\/?product=czapka-maluch-model-2","title":{"rendered":"czapka maluch model 2"},"content":{"rendered":"<p>Czapka wi\u0105zana, produkt polski<\/p>\n<p>podszewka sk\u0142ad: 97% bawe\u0142na, 3% elastan<\/p>\n<p>rozmiar: 40-42 (6-12 mscy)<\/p>\n","protected":false},"excerpt":{"rendered":"<p>Czapka wi\u0105zana, produkt polski podszewka sk\u0142ad: 97% bawe\u0142na, 3% elastan rozmiar: 40-42 (6-12 mscy)<\/p>\n","protected":false},"featured_media":2246,"comment_status":"open","ping_status":"closed","template":"","meta":{"_et_pb_use_builder":"","_et_pb_old_content":"","_et_gb_content_width":""},"product_brand":[],"product_cat":[48],"product_tag":[],"class_list":{"0":"post-2243","1":"product","2":"type-product","3":"status-publish","4":"has-post-thumbnail","6":"product_cat-czapka-maluch","8":"first","9":"instock","10":"taxable","11":"shipping-taxable","12":"purchasable","13":"product-type-variable"},"yoast_head":"<!-- This site is optimized with the Yoast SEO plugin v27.1.1 - https:\/\/yoast.com\/product\/yoast-seo-wordpress\/ -->\n<title>czapka maluch model 2 - Cude\u0144ka u Kini<\/title>\n<meta name=\"robots\" content=\"index, follow, max-snippet:-1, max-image-preview:large, max-video-preview:-1\" \/>\n<link rel=\"canonical\" href=\"https:\/\/cudenka-ukini.pl\/?product=czapka-maluch-model-2\" \/>\n<meta property=\"og:locale\" content=\"pl_PL\" \/>\n<meta property=\"og:type\" content=\"article\" \/>\n<meta property=\"og:title\" content=\"czapka maluch model 2 - Cude\u0144ka u Kini\" \/>\n<meta property=\"og:description\" content=\"Czapka wi\u0105zana, produkt polski podszewka sk\u0142ad: 97% bawe\u0142na, 3% elastan rozmiar: 40-42 (6-12 mscy)\" \/>\n<meta property=\"og:url\" content=\"https:\/\/cudenka-ukini.pl\/?product=czapka-maluch-model-2\" \/>\n<meta property=\"og:site_name\" content=\"Cude\u0144ka u Kini\" \/>\n<meta property=\"article:publisher\" content=\"https:\/\/www.facebook.com\/PalarniaKawyLightRoast\" \/>\n<meta property=\"og:image\" content=\"https:\/\/cudenka-ukini.pl\/wp-content\/uploads\/2026\/01\/trashed-1768228851-IMG_20250719_000303-scaled.jpg\" \/>\n\t<meta property=\"og:image:width\" content=\"2560\" \/>\n\t<meta property=\"og:image:height\" content=\"2228\" \/>\n\t<meta property=\"og:image:type\" content=\"image\/jpeg\" \/>\n<meta name=\"twitter:card\" content=\"summary_large_image\" \/>\n<meta name=\"twitter:label1\" content=\"Szacowany czas czytania\" \/>\n\t<meta name=\"twitter:data1\" content=\"1 minuta\" \/>\n<script type=\"application\/ld+json\" class=\"yoast-schema-graph\">{\"@context\":\"https:\/\/schema.org\",\"@graph\":[{\"@type\":\"WebPage\",\"@id\":\"https:\/\/cudenka-ukini.pl\/?product=czapka-maluch-model-2\",\"url\":\"https:\/\/cudenka-ukini.pl\/?product=czapka-maluch-model-2\",\"name\":\"czapka maluch model 2 - Cude\u0144ka u Kini\",\"isPartOf\":{\"@id\":\"http:\/\/cudenka-ukini.pl\/#website\"},\"primaryImageOfPage\":{\"@id\":\"https:\/\/cudenka-ukini.pl\/?product=czapka-maluch-model-2#primaryimage\"},\"image\":{\"@id\":\"https:\/\/cudenka-ukini.pl\/?product=czapka-maluch-model-2#primaryimage\"},\"thumbnailUrl\":\"https:\/\/cudenka-ukini.pl\/wp-content\/uploads\/2026\/01\/trashed-1768228851-IMG_20250719_000303-scaled.jpg\",\"datePublished\":\"2026-01-29T16:51:00+00:00\",\"breadcrumb\":{\"@id\":\"https:\/\/cudenka-ukini.pl\/?product=czapka-maluch-model-2#breadcrumb\"},\"inLanguage\":\"pl-PL\",\"potentialAction\":[{\"@type\":\"ReadAction\",\"target\":[\"https:\/\/cudenka-ukini.pl\/?product=czapka-maluch-model-2\"]}]},{\"@type\":\"ImageObject\",\"inLanguage\":\"pl-PL\",\"@id\":\"https:\/\/cudenka-ukini.pl\/?product=czapka-maluch-model-2#primaryimage\",\"url\":\"https:\/\/cudenka-ukini.pl\/wp-content\/uploads\/2026\/01\/trashed-1768228851-IMG_20250719_000303-scaled.jpg\",\"contentUrl\":\"https:\/\/cudenka-ukini.pl\/wp-content\/uploads\/2026\/01\/trashed-1768228851-IMG_20250719_000303-scaled.jpg\",\"width\":2560,\"height\":2228},{\"@type\":\"BreadcrumbList\",\"@id\":\"https:\/\/cudenka-ukini.pl\/?product=czapka-maluch-model-2#breadcrumb\",\"itemListElement\":[{\"@type\":\"ListItem\",\"position\":1,\"name\":\"Strona g\u0142\u00f3wna\",\"item\":\"http:\/\/cudenka-ukini.pl\/\"},{\"@type\":\"ListItem\",\"position\":2,\"name\":\"Sklep &#8222;Cude\u0144ka u Kini&#8221;\",\"item\":\"http:\/\/cudenka-ukini.pl\/?page_id=93\"},{\"@type\":\"ListItem\",\"position\":3,\"name\":\"czapka maluch model 2\"}]},{\"@type\":\"WebSite\",\"@id\":\"http:\/\/cudenka-ukini.pl\/#website\",\"url\":\"http:\/\/cudenka-ukini.pl\/\",\"name\":\"Cude\u0144ka u Kini \u2013 czapki zimowe, sukienki i dodatki\",\"description\":\"Sklep odzie\u017cowy\",\"potentialAction\":[{\"@type\":\"SearchAction\",\"target\":{\"@type\":\"EntryPoint\",\"urlTemplate\":\"http:\/\/cudenka-ukini.pl\/?s={search_term_string}\"},\"query-input\":{\"@type\":\"PropertyValueSpecification\",\"valueRequired\":true,\"valueName\":\"search_term_string\"}}],\"inLanguage\":\"pl-PL\"}]}<\/script>\n<!-- \/ Yoast SEO plugin. -->","yoast_head_json":{"title":"czapka maluch model 2 - Cude\u0144ka u Kini","robots":{"index":"index","follow":"follow","max-snippet":"max-snippet:-1","max-image-preview":"max-image-preview:large","max-video-preview":"max-video-preview:-1"},"canonical":"https:\/\/cudenka-ukini.pl\/?product=czapka-maluch-model-2","og_locale":"pl_PL","og_type":"article","og_title":"czapka maluch model 2 - Cude\u0144ka u Kini","og_description":"Czapka wi\u0105zana, produkt polski podszewka sk\u0142ad: 97% bawe\u0142na, 3% elastan rozmiar: 40-42 (6-12 mscy)","og_url":"https:\/\/cudenka-ukini.pl\/?product=czapka-maluch-model-2","og_site_name":"Cude\u0144ka u Kini","article_publisher":"https:\/\/www.facebook.com\/PalarniaKawyLightRoast","og_image":[{"width":2560,"height":2228,"url":"https:\/\/cudenka-ukini.pl\/wp-content\/uploads\/2026\/01\/trashed-1768228851-IMG_20250719_000303-scaled.jpg","type":"image\/jpeg"}],"twitter_card":"summary_large_image","twitter_misc":{"Szacowany czas czytania":"1 minuta"},"schema":{"@context":"https:\/\/schema.org","@graph":[{"@type":"WebPage","@id":"https:\/\/cudenka-ukini.pl\/?product=czapka-maluch-model-2","url":"https:\/\/cudenka-ukini.pl\/?product=czapka-maluch-model-2","name":"czapka maluch model 2 - Cude\u0144ka u Kini","isPartOf":{"@id":"http:\/\/cudenka-ukini.pl\/#website"},"primaryImageOfPage":{"@id":"https:\/\/cudenka-ukini.pl\/?product=czapka-maluch-model-2#primaryimage"},"image":{"@id":"https:\/\/cudenka-ukini.pl\/?product=czapka-maluch-model-2#primaryimage"},"thumbnailUrl":"https:\/\/cudenka-ukini.pl\/wp-content\/uploads\/2026\/01\/trashed-1768228851-IMG_20250719_000303-scaled.jpg","datePublished":"2026-01-29T16:51:00+00:00","breadcrumb":{"@id":"https:\/\/cudenka-ukini.pl\/?product=czapka-maluch-model-2#breadcrumb"},"inLanguage":"pl-PL","potentialAction":[{"@type":"ReadAction","target":["https:\/\/cudenka-ukini.pl\/?product=czapka-maluch-model-2"]}]},{"@type":"ImageObject","inLanguage":"pl-PL","@id":"https:\/\/cudenka-ukini.pl\/?product=czapka-maluch-model-2#primaryimage","url":"https:\/\/cudenka-ukini.pl\/wp-content\/uploads\/2026\/01\/trashed-1768228851-IMG_20250719_000303-scaled.jpg","contentUrl":"https:\/\/cudenka-ukini.pl\/wp-content\/uploads\/2026\/01\/trashed-1768228851-IMG_20250719_000303-scaled.jpg","width":2560,"height":2228},{"@type":"BreadcrumbList","@id":"https:\/\/cudenka-ukini.pl\/?product=czapka-maluch-model-2#breadcrumb","itemListElement":[{"@type":"ListItem","position":1,"name":"Strona g\u0142\u00f3wna","item":"http:\/\/cudenka-ukini.pl\/"},{"@type":"ListItem","position":2,"name":"Sklep &#8222;Cude\u0144ka u Kini&#8221;","item":"http:\/\/cudenka-ukini.pl\/?page_id=93"},{"@type":"ListItem","position":3,"name":"czapka maluch model 2"}]},{"@type":"WebSite","@id":"http:\/\/cudenka-ukini.pl\/#website","url":"http:\/\/cudenka-ukini.pl\/","name":"Cude\u0144ka u Kini \u2013 czapki zimowe, sukienki i dodatki","description":"Sklep odzie\u017cowy","potentialAction":[{"@type":"SearchAction","target":{"@type":"EntryPoint","urlTemplate":"http:\/\/cudenka-ukini.pl\/?s={search_term_string}"},"query-input":{"@type":"PropertyValueSpecification","valueRequired":true,"valueName":"search_term_string"}}],"inLanguage":"pl-PL"}]}},"jetpack_sharing_enabled":true,"_links":{"self":[{"href":"https:\/\/cudenka-ukini.pl\/index.php?rest_route=\/wp\/v2\/product\/2243","targetHints":{"allow":["GET"]}}],"collection":[{"href":"https:\/\/cudenka-ukini.pl\/index.php?rest_route=\/wp\/v2\/product"}],"about":[{"href":"https:\/\/cudenka-ukini.pl\/index.php?rest_route=\/wp\/v2\/types\/product"}],"replies":[{"embeddable":true,"href":"https:\/\/cudenka-ukini.pl\/index.php?rest_route=%2Fwp%2Fv2%2Fcomments&post=2243"}],"wp:featuredmedia":[{"embeddable":true,"href":"https:\/\/cudenka-ukini.pl\/index.php?rest_route=\/wp\/v2\/media\/2246"}],"wp:attachment":[{"href":"https:\/\/cudenka-ukini.pl\/index.php?rest_route=%2Fwp%2Fv2%2Fmedia&parent=2243"}],"wp:term":[{"taxonomy":"product_brand","embeddable":true,"href":"https:\/\/cudenka-ukini.pl\/index.php?rest_route=%2Fwp%2Fv2%2Fproduct_brand&post=2243"},{"taxonomy":"product_cat","embeddable":true,"href":"https:\/\/cudenka-ukini.pl\/index.php?rest_route=%2Fwp%2Fv2%2Fproduct_cat&post=2243"},{"taxonomy":"product_tag","embeddable":true,"href":"https:\/\/cudenka-ukini.pl\/index.php?rest_route=%2Fwp%2Fv2%2Fproduct_tag&post=2243"}],"curies":[{"name":"wp","href":"https:\/\/api.w.org\/{rel}","templated":true}]}}