{"id":3667,"date":"2026-04-14T18:27:31","date_gmt":"2026-04-14T16:27:31","guid":{"rendered":"http:\/\/cudenka-ukini.pl\/?post_type=product&#038;p=3667"},"modified":"2026-04-14T18:32:41","modified_gmt":"2026-04-14T16:32:41","slug":"komplet-dzieciecy-wiosna","status":"publish","type":"product","link":"https:\/\/cudenka-ukini.pl\/?product=komplet-dzieciecy-wiosna","title":{"rendered":"komplet dzieci\u0119cy (wiosna)"},"content":{"rendered":"<p>Komplet dzieci\u0119cy ( wiosna )<\/p>\n<p>Pi\u0119kne kwiatowe wzory , mi\u0119kka , oddychaj\u0105ca bawe\u0142na , idealne na wiosn\u0119 !<\/p>\n<p>Sk\u0142ad : 95 % bawe\u0142na , 5 % elastan .<\/p>\n<p>&nbsp;<\/p>\n<p>&nbsp;<\/p>\n<p>&nbsp;<\/p>\n<p>&nbsp;<\/p>\n<p><img loading=\"lazy\" decoding=\"async\" class=\"alignnone  wp-image-3682\" src=\"http:\/\/cudenka-ukini.pl\/wp-content\/uploads\/2026\/04\/trashed-1778769746-IMG_20260413_231708-1-300x260.jpg\" alt=\"\" width=\"162\" height=\"140\" \/><img loading=\"lazy\" decoding=\"async\" class=\"alignnone wp-image-3670\" src=\"http:\/\/cudenka-ukini.pl\/wp-content\/uploads\/2026\/04\/IMG_20260413_232048-176x300.jpg\" alt=\"\" width=\"93\" height=\"159\" \/><img loading=\"lazy\" decoding=\"async\" class=\"alignnone wp-image-3687\" src=\"http:\/\/cudenka-ukini.pl\/wp-content\/uploads\/2026\/04\/IMG_20260413_232156-2-194x300.jpg\" alt=\"\" width=\"104\" height=\"161\" \/><\/p>\n","protected":false},"excerpt":{"rendered":"<p>Komplet dzieci\u0119cy ( wiosna ) Pi\u0119kne kwiatowe wzory , mi\u0119kka , oddychaj\u0105ca bawe\u0142na , idealne na wiosn\u0119 ! Sk\u0142ad : 95 % bawe\u0142na , 5 % elastan . &nbsp; &nbsp; &nbsp; &nbsp;<\/p>\n","protected":false},"featured_media":3689,"comment_status":"open","ping_status":"closed","template":"","meta":{"_et_pb_use_builder":"","_et_pb_old_content":"","_et_gb_content_width":""},"product_brand":[],"product_cat":[34],"product_tag":[],"class_list":{"0":"post-3667","1":"product","2":"type-product","3":"status-publish","4":"has-post-thumbnail","6":"product_cat-komplety-dzieciece","8":"first","9":"instock","10":"taxable","11":"shipping-taxable","12":"purchasable","13":"product-type-variable"},"yoast_head":"<!-- This site is optimized with the Yoast SEO plugin v27.1.1 - https:\/\/yoast.com\/product\/yoast-seo-wordpress\/ -->\n<title>komplet dzieci\u0119cy (wiosna) - Cude\u0144ka u Kini<\/title>\n<meta name=\"robots\" content=\"index, follow, max-snippet:-1, max-image-preview:large, max-video-preview:-1\" \/>\n<link rel=\"canonical\" href=\"https:\/\/cudenka-ukini.pl\/?product=komplet-dzieciecy-wiosna\" \/>\n<meta property=\"og:locale\" content=\"pl_PL\" \/>\n<meta property=\"og:type\" content=\"article\" \/>\n<meta property=\"og:title\" content=\"komplet dzieci\u0119cy (wiosna) - Cude\u0144ka u Kini\" \/>\n<meta property=\"og:description\" content=\"Komplet dzieci\u0119cy ( wiosna ) Pi\u0119kne kwiatowe wzory , mi\u0119kka , oddychaj\u0105ca bawe\u0142na , idealne na wiosn\u0119 ! Sk\u0142ad : 95 % bawe\u0142na , 5 % elastan . &nbsp; &nbsp; &nbsp; &nbsp;\" \/>\n<meta property=\"og:url\" content=\"https:\/\/cudenka-ukini.pl\/?product=komplet-dzieciecy-wiosna\" \/>\n<meta property=\"og:site_name\" content=\"Cude\u0144ka u Kini\" \/>\n<meta property=\"article:publisher\" content=\"https:\/\/www.facebook.com\/PalarniaKawyLightRoast\" \/>\n<meta property=\"article:modified_time\" content=\"2026-04-14T16:32:41+00:00\" \/>\n<meta property=\"og:image\" content=\"https:\/\/cudenka-ukini.pl\/wp-content\/uploads\/2026\/04\/IMG_20260413_231733-2-scaled.jpg\" \/>\n\t<meta property=\"og:image:width\" content=\"2560\" \/>\n\t<meta property=\"og:image:height\" content=\"2210\" \/>\n\t<meta property=\"og:image:type\" content=\"image\/jpeg\" \/>\n<meta name=\"twitter:card\" content=\"summary_large_image\" \/>\n<meta name=\"twitter:label1\" content=\"Szacowany czas czytania\" \/>\n\t<meta name=\"twitter:data1\" content=\"1 minuta\" \/>\n<script type=\"application\/ld+json\" class=\"yoast-schema-graph\">{\"@context\":\"https:\/\/schema.org\",\"@graph\":[{\"@type\":\"WebPage\",\"@id\":\"https:\/\/cudenka-ukini.pl\/?product=komplet-dzieciecy-wiosna\",\"url\":\"https:\/\/cudenka-ukini.pl\/?product=komplet-dzieciecy-wiosna\",\"name\":\"komplet dzieci\u0119cy (wiosna) - Cude\u0144ka u Kini\",\"isPartOf\":{\"@id\":\"http:\/\/cudenka-ukini.pl\/#website\"},\"primaryImageOfPage\":{\"@id\":\"https:\/\/cudenka-ukini.pl\/?product=komplet-dzieciecy-wiosna#primaryimage\"},\"image\":{\"@id\":\"https:\/\/cudenka-ukini.pl\/?product=komplet-dzieciecy-wiosna#primaryimage\"},\"thumbnailUrl\":\"https:\/\/cudenka-ukini.pl\/wp-content\/uploads\/2026\/04\/IMG_20260413_231733-2-scaled.jpg\",\"datePublished\":\"2026-04-14T16:27:31+00:00\",\"dateModified\":\"2026-04-14T16:32:41+00:00\",\"breadcrumb\":{\"@id\":\"https:\/\/cudenka-ukini.pl\/?product=komplet-dzieciecy-wiosna#breadcrumb\"},\"inLanguage\":\"pl-PL\",\"potentialAction\":[{\"@type\":\"ReadAction\",\"target\":[\"https:\/\/cudenka-ukini.pl\/?product=komplet-dzieciecy-wiosna\"]}]},{\"@type\":\"ImageObject\",\"inLanguage\":\"pl-PL\",\"@id\":\"https:\/\/cudenka-ukini.pl\/?product=komplet-dzieciecy-wiosna#primaryimage\",\"url\":\"https:\/\/cudenka-ukini.pl\/wp-content\/uploads\/2026\/04\/IMG_20260413_231733-2-scaled.jpg\",\"contentUrl\":\"https:\/\/cudenka-ukini.pl\/wp-content\/uploads\/2026\/04\/IMG_20260413_231733-2-scaled.jpg\",\"width\":2560,\"height\":2210},{\"@type\":\"BreadcrumbList\",\"@id\":\"https:\/\/cudenka-ukini.pl\/?product=komplet-dzieciecy-wiosna#breadcrumb\",\"itemListElement\":[{\"@type\":\"ListItem\",\"position\":1,\"name\":\"Strona g\u0142\u00f3wna\",\"item\":\"http:\/\/cudenka-ukini.pl\/\"},{\"@type\":\"ListItem\",\"position\":2,\"name\":\"Sklep &#8222;Cude\u0144ka u Kini&#8221;\",\"item\":\"http:\/\/cudenka-ukini.pl\/?page_id=93\"},{\"@type\":\"ListItem\",\"position\":3,\"name\":\"komplet dzieci\u0119cy (wiosna)\"}]},{\"@type\":\"WebSite\",\"@id\":\"http:\/\/cudenka-ukini.pl\/#website\",\"url\":\"http:\/\/cudenka-ukini.pl\/\",\"name\":\"Cude\u0144ka u Kini \u2013 czapki zimowe, sukienki i dodatki\",\"description\":\"Sklep odzie\u017cowy\",\"potentialAction\":[{\"@type\":\"SearchAction\",\"target\":{\"@type\":\"EntryPoint\",\"urlTemplate\":\"http:\/\/cudenka-ukini.pl\/?s={search_term_string}\"},\"query-input\":{\"@type\":\"PropertyValueSpecification\",\"valueRequired\":true,\"valueName\":\"search_term_string\"}}],\"inLanguage\":\"pl-PL\"}]}<\/script>\n<!-- \/ Yoast SEO plugin. -->","yoast_head_json":{"title":"komplet dzieci\u0119cy (wiosna) - Cude\u0144ka u Kini","robots":{"index":"index","follow":"follow","max-snippet":"max-snippet:-1","max-image-preview":"max-image-preview:large","max-video-preview":"max-video-preview:-1"},"canonical":"https:\/\/cudenka-ukini.pl\/?product=komplet-dzieciecy-wiosna","og_locale":"pl_PL","og_type":"article","og_title":"komplet dzieci\u0119cy (wiosna) - Cude\u0144ka u Kini","og_description":"Komplet dzieci\u0119cy ( wiosna ) Pi\u0119kne kwiatowe wzory , mi\u0119kka , oddychaj\u0105ca bawe\u0142na , idealne na wiosn\u0119 ! Sk\u0142ad : 95 % bawe\u0142na , 5 % elastan . &nbsp; &nbsp; &nbsp; &nbsp;","og_url":"https:\/\/cudenka-ukini.pl\/?product=komplet-dzieciecy-wiosna","og_site_name":"Cude\u0144ka u Kini","article_publisher":"https:\/\/www.facebook.com\/PalarniaKawyLightRoast","article_modified_time":"2026-04-14T16:32:41+00:00","og_image":[{"width":2560,"height":2210,"url":"https:\/\/cudenka-ukini.pl\/wp-content\/uploads\/2026\/04\/IMG_20260413_231733-2-scaled.jpg","type":"image\/jpeg"}],"twitter_card":"summary_large_image","twitter_misc":{"Szacowany czas czytania":"1 minuta"},"schema":{"@context":"https:\/\/schema.org","@graph":[{"@type":"WebPage","@id":"https:\/\/cudenka-ukini.pl\/?product=komplet-dzieciecy-wiosna","url":"https:\/\/cudenka-ukini.pl\/?product=komplet-dzieciecy-wiosna","name":"komplet dzieci\u0119cy (wiosna) - Cude\u0144ka u Kini","isPartOf":{"@id":"http:\/\/cudenka-ukini.pl\/#website"},"primaryImageOfPage":{"@id":"https:\/\/cudenka-ukini.pl\/?product=komplet-dzieciecy-wiosna#primaryimage"},"image":{"@id":"https:\/\/cudenka-ukini.pl\/?product=komplet-dzieciecy-wiosna#primaryimage"},"thumbnailUrl":"https:\/\/cudenka-ukini.pl\/wp-content\/uploads\/2026\/04\/IMG_20260413_231733-2-scaled.jpg","datePublished":"2026-04-14T16:27:31+00:00","dateModified":"2026-04-14T16:32:41+00:00","breadcrumb":{"@id":"https:\/\/cudenka-ukini.pl\/?product=komplet-dzieciecy-wiosna#breadcrumb"},"inLanguage":"pl-PL","potentialAction":[{"@type":"ReadAction","target":["https:\/\/cudenka-ukini.pl\/?product=komplet-dzieciecy-wiosna"]}]},{"@type":"ImageObject","inLanguage":"pl-PL","@id":"https:\/\/cudenka-ukini.pl\/?product=komplet-dzieciecy-wiosna#primaryimage","url":"https:\/\/cudenka-ukini.pl\/wp-content\/uploads\/2026\/04\/IMG_20260413_231733-2-scaled.jpg","contentUrl":"https:\/\/cudenka-ukini.pl\/wp-content\/uploads\/2026\/04\/IMG_20260413_231733-2-scaled.jpg","width":2560,"height":2210},{"@type":"BreadcrumbList","@id":"https:\/\/cudenka-ukini.pl\/?product=komplet-dzieciecy-wiosna#breadcrumb","itemListElement":[{"@type":"ListItem","position":1,"name":"Strona g\u0142\u00f3wna","item":"http:\/\/cudenka-ukini.pl\/"},{"@type":"ListItem","position":2,"name":"Sklep &#8222;Cude\u0144ka u Kini&#8221;","item":"http:\/\/cudenka-ukini.pl\/?page_id=93"},{"@type":"ListItem","position":3,"name":"komplet dzieci\u0119cy (wiosna)"}]},{"@type":"WebSite","@id":"http:\/\/cudenka-ukini.pl\/#website","url":"http:\/\/cudenka-ukini.pl\/","name":"Cude\u0144ka u Kini \u2013 czapki zimowe, sukienki i dodatki","description":"Sklep odzie\u017cowy","potentialAction":[{"@type":"SearchAction","target":{"@type":"EntryPoint","urlTemplate":"http:\/\/cudenka-ukini.pl\/?s={search_term_string}"},"query-input":{"@type":"PropertyValueSpecification","valueRequired":true,"valueName":"search_term_string"}}],"inLanguage":"pl-PL"}]}},"jetpack_sharing_enabled":true,"_links":{"self":[{"href":"https:\/\/cudenka-ukini.pl\/index.php?rest_route=\/wp\/v2\/product\/3667","targetHints":{"allow":["GET"]}}],"collection":[{"href":"https:\/\/cudenka-ukini.pl\/index.php?rest_route=\/wp\/v2\/product"}],"about":[{"href":"https:\/\/cudenka-ukini.pl\/index.php?rest_route=\/wp\/v2\/types\/product"}],"replies":[{"embeddable":true,"href":"https:\/\/cudenka-ukini.pl\/index.php?rest_route=%2Fwp%2Fv2%2Fcomments&post=3667"}],"wp:featuredmedia":[{"embeddable":true,"href":"https:\/\/cudenka-ukini.pl\/index.php?rest_route=\/wp\/v2\/media\/3689"}],"wp:attachment":[{"href":"https:\/\/cudenka-ukini.pl\/index.php?rest_route=%2Fwp%2Fv2%2Fmedia&parent=3667"}],"wp:term":[{"taxonomy":"product_brand","embeddable":true,"href":"https:\/\/cudenka-ukini.pl\/index.php?rest_route=%2Fwp%2Fv2%2Fproduct_brand&post=3667"},{"taxonomy":"product_cat","embeddable":true,"href":"https:\/\/cudenka-ukini.pl\/index.php?rest_route=%2Fwp%2Fv2%2Fproduct_cat&post=3667"},{"taxonomy":"product_tag","embeddable":true,"href":"https:\/\/cudenka-ukini.pl\/index.php?rest_route=%2Fwp%2Fv2%2Fproduct_tag&post=3667"}],"curies":[{"name":"wp","href":"https:\/\/api.w.org\/{rel}","templated":true}]}}